{"id":97,"date":"2023-03-08T16:00:12","date_gmt":"2023-03-08T16:00:12","guid":{"rendered":"https:\/\/emiway.com.ar\/wp2\/?post_type=product&#038;p=97"},"modified":"2025-09-16T19:34:06","modified_gmt":"2025-09-16T19:34:06","slug":"pintura-latex-para-cielorrasos","status":"publish","type":"product","link":"https:\/\/emiway.com.ar\/wp2\/producto\/pintura-latex-para-cielorrasos\/","title":{"rendered":"Pintura L\u00e1tex para cielorrasos"},"content":{"rendered":"<p class=\"mbr-text mbr-fonts-style display-7\">L\u00e1tex de buen poder cubritivo y delicada terminaci\u00f3n, que le otorga a la superficie buena resistencia a la formaci\u00f3n de hongos.<br \/>\nPermeable que absorbe humedad evitando, condensaci\u00f3n y goteo.<br \/>\nBuena adherencia sobre, yeso, enduido, durlok, revoque, hormig\u00f3n, ladrillo y madera.<br \/>\nMuy resistente a la formaci\u00f3n de hongos.<br \/>\nF\u00e1cil aplicaci\u00f3n a rodillo y pincel.<\/p>\n<p><iframe loading=\"lazy\" title=\"YouTube video player\" src=\"https:\/\/www.youtube.com\/embed\/IewLmQnXZys\" width=\"560\" height=\"315\" frameborder=\"0\" allowfullscreen=\"allowfullscreen\"><\/iframe><\/p>\n","protected":false},"excerpt":{"rendered":"<p>L\u00e1tex de buen poder cubritivo y delicada terminaci\u00f3n, que le otorga a la superficie buena resistencia a la formaci\u00f3n de hongos.<\/p>\n<ul>\n<li>Absorbe humedad evitando, condensaci\u00f3n y goteo.<\/li>\n<li>Buena adherencia sobre, yeso, enduido, durlok, revoque, hormig\u00f3n, ladrillo y madera.<\/li>\n<li>Resistente a la formaci\u00f3n de hongos.<\/li>\n<li>F\u00e1cil aplicaci\u00f3n a rodillo y pincel.<\/li>\n<\/ul>\n","protected":false},"featured_media":98,"comment_status":"open","ping_status":"closed","template":"","meta":{"_joinchat":[]},"product_brand":[],"product_cat":[16],"product_tag":[27,26,23],"class_list":{"0":"post-97","1":"product","2":"type-product","3":"status-publish","4":"has-post-thumbnail","6":"product_cat-pinturas-latex","7":"product_tag-antihongos","8":"product_tag-cielorrasos","9":"product_tag-latex-interior","11":"first","12":"instock","13":"shipping-taxable","14":"purchasable","15":"product-type-variable"},"yoast_head":"<!-- This site is optimized with the Yoast SEO plugin v27.4 - https:\/\/yoast.com\/product\/yoast-seo-wordpress\/ -->\n<title>Pintura L\u00e1tex para cielorrasos -<\/title>\n<meta name=\"description\" content=\"L\u00e1tex de buen poder cubritivo, resistente a la formaci\u00f3n de hongos. Permeable que absorbe humedad evitando, condensaci\u00f3n y goteo.\" \/>\n<meta name=\"robots\" content=\"index, follow, max-snippet:-1, max-image-preview:large, max-video-preview:-1\" \/>\n<link rel=\"canonical\" href=\"https:\/\/emiway.com.ar\/wp2\/producto\/pintura-latex-para-cielorrasos\/\" \/>\n<meta property=\"og:locale\" content=\"es_ES\" \/>\n<meta property=\"og:type\" content=\"article\" \/>\n<meta property=\"og:title\" content=\"Pintura L\u00e1tex para cielorrasos -\" \/>\n<meta property=\"og:description\" content=\"L\u00e1tex de buen poder cubritivo, resistente a la formaci\u00f3n de hongos. Permeable que absorbe humedad evitando, condensaci\u00f3n y goteo.\" \/>\n<meta property=\"og:url\" content=\"https:\/\/emiway.com.ar\/wp2\/producto\/pintura-latex-para-cielorrasos\/\" \/>\n<meta property=\"article:modified_time\" content=\"2025-09-16T19:34:06+00:00\" \/>\n<meta property=\"og:image\" content=\"https:\/\/emiway.com.ar\/wp2\/wp-content\/uploads\/2023\/03\/cielorrasos.jpg\" \/>\n\t<meta property=\"og:image:width\" content=\"1000\" \/>\n\t<meta property=\"og:image:height\" content=\"750\" \/>\n\t<meta property=\"og:image:type\" content=\"image\/jpeg\" \/>\n<meta name=\"twitter:card\" content=\"summary_large_image\" \/>\n<meta name=\"twitter:label1\" content=\"Tiempo de lectura\" \/>\n\t<meta name=\"twitter:data1\" content=\"1 minuto\" \/>\n<script type=\"application\/ld+json\" class=\"yoast-schema-graph\">{\"@context\":\"https:\\\/\\\/schema.org\",\"@graph\":[{\"@type\":\"WebPage\",\"@id\":\"https:\\\/\\\/emiway.com.ar\\\/wp2\\\/producto\\\/pintura-latex-para-cielorrasos\\\/\",\"url\":\"https:\\\/\\\/emiway.com.ar\\\/wp2\\\/producto\\\/pintura-latex-para-cielorrasos\\\/\",\"name\":\"Pintura L\u00e1tex para cielorrasos -\",\"isPartOf\":{\"@id\":\"https:\\\/\\\/emiway.com.ar\\\/wp2\\\/#website\"},\"primaryImageOfPage\":{\"@id\":\"https:\\\/\\\/emiway.com.ar\\\/wp2\\\/producto\\\/pintura-latex-para-cielorrasos\\\/#primaryimage\"},\"image\":{\"@id\":\"https:\\\/\\\/emiway.com.ar\\\/wp2\\\/producto\\\/pintura-latex-para-cielorrasos\\\/#primaryimage\"},\"thumbnailUrl\":\"https:\\\/\\\/emiway.com.ar\\\/wp2\\\/wp-content\\\/uploads\\\/2023\\\/03\\\/cielorrasos.jpg\",\"datePublished\":\"2023-03-08T16:00:12+00:00\",\"dateModified\":\"2025-09-16T19:34:06+00:00\",\"description\":\"L\u00e1tex de buen poder cubritivo, resistente a la formaci\u00f3n de hongos. Permeable que absorbe humedad evitando, condensaci\u00f3n y goteo.\",\"breadcrumb\":{\"@id\":\"https:\\\/\\\/emiway.com.ar\\\/wp2\\\/producto\\\/pintura-latex-para-cielorrasos\\\/#breadcrumb\"},\"inLanguage\":\"es\",\"potentialAction\":[{\"@type\":\"ReadAction\",\"target\":[\"https:\\\/\\\/emiway.com.ar\\\/wp2\\\/producto\\\/pintura-latex-para-cielorrasos\\\/\"]}]},{\"@type\":\"ImageObject\",\"inLanguage\":\"es\",\"@id\":\"https:\\\/\\\/emiway.com.ar\\\/wp2\\\/producto\\\/pintura-latex-para-cielorrasos\\\/#primaryimage\",\"url\":\"https:\\\/\\\/emiway.com.ar\\\/wp2\\\/wp-content\\\/uploads\\\/2023\\\/03\\\/cielorrasos.jpg\",\"contentUrl\":\"https:\\\/\\\/emiway.com.ar\\\/wp2\\\/wp-content\\\/uploads\\\/2023\\\/03\\\/cielorrasos.jpg\",\"width\":1000,\"height\":750,\"caption\":\"Pintura para cielorrasos\"},{\"@type\":\"BreadcrumbList\",\"@id\":\"https:\\\/\\\/emiway.com.ar\\\/wp2\\\/producto\\\/pintura-latex-para-cielorrasos\\\/#breadcrumb\",\"itemListElement\":[{\"@type\":\"ListItem\",\"position\":1,\"name\":\"Portada\",\"item\":\"https:\\\/\\\/emiway.com.ar\\\/wp2\\\/\"},{\"@type\":\"ListItem\",\"position\":2,\"name\":\"Tienda\",\"item\":\"https:\\\/\\\/emiway.com.ar\\\/wp2\\\/tienda\\\/\"},{\"@type\":\"ListItem\",\"position\":3,\"name\":\"Pintura L\u00e1tex para cielorrasos\"}]},{\"@type\":\"WebSite\",\"@id\":\"https:\\\/\\\/emiway.com.ar\\\/wp2\\\/#website\",\"url\":\"https:\\\/\\\/emiway.com.ar\\\/wp2\\\/\",\"name\":\"\",\"description\":\"\",\"potentialAction\":[{\"@type\":\"SearchAction\",\"target\":{\"@type\":\"EntryPoint\",\"urlTemplate\":\"https:\\\/\\\/emiway.com.ar\\\/wp2\\\/?s={search_term_string}\"},\"query-input\":{\"@type\":\"PropertyValueSpecification\",\"valueRequired\":true,\"valueName\":\"search_term_string\"}}],\"inLanguage\":\"es\"}]}<\/script>\n<!-- \/ Yoast SEO plugin. -->","yoast_head_json":{"title":"Pintura L\u00e1tex para cielorrasos -","description":"L\u00e1tex de buen poder cubritivo, resistente a la formaci\u00f3n de hongos. Permeable que absorbe humedad evitando, condensaci\u00f3n y goteo.","robots":{"index":"index","follow":"follow","max-snippet":"max-snippet:-1","max-image-preview":"max-image-preview:large","max-video-preview":"max-video-preview:-1"},"canonical":"https:\/\/emiway.com.ar\/wp2\/producto\/pintura-latex-para-cielorrasos\/","og_locale":"es_ES","og_type":"article","og_title":"Pintura L\u00e1tex para cielorrasos -","og_description":"L\u00e1tex de buen poder cubritivo, resistente a la formaci\u00f3n de hongos. Permeable que absorbe humedad evitando, condensaci\u00f3n y goteo.","og_url":"https:\/\/emiway.com.ar\/wp2\/producto\/pintura-latex-para-cielorrasos\/","article_modified_time":"2025-09-16T19:34:06+00:00","og_image":[{"width":1000,"height":750,"url":"https:\/\/emiway.com.ar\/wp2\/wp-content\/uploads\/2023\/03\/cielorrasos.jpg","type":"image\/jpeg"}],"twitter_card":"summary_large_image","twitter_misc":{"Tiempo de lectura":"1 minuto"},"schema":{"@context":"https:\/\/schema.org","@graph":[{"@type":"WebPage","@id":"https:\/\/emiway.com.ar\/wp2\/producto\/pintura-latex-para-cielorrasos\/","url":"https:\/\/emiway.com.ar\/wp2\/producto\/pintura-latex-para-cielorrasos\/","name":"Pintura L\u00e1tex para cielorrasos -","isPartOf":{"@id":"https:\/\/emiway.com.ar\/wp2\/#website"},"primaryImageOfPage":{"@id":"https:\/\/emiway.com.ar\/wp2\/producto\/pintura-latex-para-cielorrasos\/#primaryimage"},"image":{"@id":"https:\/\/emiway.com.ar\/wp2\/producto\/pintura-latex-para-cielorrasos\/#primaryimage"},"thumbnailUrl":"https:\/\/emiway.com.ar\/wp2\/wp-content\/uploads\/2023\/03\/cielorrasos.jpg","datePublished":"2023-03-08T16:00:12+00:00","dateModified":"2025-09-16T19:34:06+00:00","description":"L\u00e1tex de buen poder cubritivo, resistente a la formaci\u00f3n de hongos. Permeable que absorbe humedad evitando, condensaci\u00f3n y goteo.","breadcrumb":{"@id":"https:\/\/emiway.com.ar\/wp2\/producto\/pintura-latex-para-cielorrasos\/#breadcrumb"},"inLanguage":"es","potentialAction":[{"@type":"ReadAction","target":["https:\/\/emiway.com.ar\/wp2\/producto\/pintura-latex-para-cielorrasos\/"]}]},{"@type":"ImageObject","inLanguage":"es","@id":"https:\/\/emiway.com.ar\/wp2\/producto\/pintura-latex-para-cielorrasos\/#primaryimage","url":"https:\/\/emiway.com.ar\/wp2\/wp-content\/uploads\/2023\/03\/cielorrasos.jpg","contentUrl":"https:\/\/emiway.com.ar\/wp2\/wp-content\/uploads\/2023\/03\/cielorrasos.jpg","width":1000,"height":750,"caption":"Pintura para cielorrasos"},{"@type":"BreadcrumbList","@id":"https:\/\/emiway.com.ar\/wp2\/producto\/pintura-latex-para-cielorrasos\/#breadcrumb","itemListElement":[{"@type":"ListItem","position":1,"name":"Portada","item":"https:\/\/emiway.com.ar\/wp2\/"},{"@type":"ListItem","position":2,"name":"Tienda","item":"https:\/\/emiway.com.ar\/wp2\/tienda\/"},{"@type":"ListItem","position":3,"name":"Pintura L\u00e1tex para cielorrasos"}]},{"@type":"WebSite","@id":"https:\/\/emiway.com.ar\/wp2\/#website","url":"https:\/\/emiway.com.ar\/wp2\/","name":"","description":"","potentialAction":[{"@type":"SearchAction","target":{"@type":"EntryPoint","urlTemplate":"https:\/\/emiway.com.ar\/wp2\/?s={search_term_string}"},"query-input":{"@type":"PropertyValueSpecification","valueRequired":true,"valueName":"search_term_string"}}],"inLanguage":"es"}]}},"_links":{"self":[{"href":"https:\/\/emiway.com.ar\/wp2\/wp-json\/wp\/v2\/product\/97","targetHints":{"allow":["GET"]}}],"collection":[{"href":"https:\/\/emiway.com.ar\/wp2\/wp-json\/wp\/v2\/product"}],"about":[{"href":"https:\/\/emiway.com.ar\/wp2\/wp-json\/wp\/v2\/types\/product"}],"replies":[{"embeddable":true,"href":"https:\/\/emiway.com.ar\/wp2\/wp-json\/wp\/v2\/comments?post=97"}],"wp:featuredmedia":[{"embeddable":true,"href":"https:\/\/emiway.com.ar\/wp2\/wp-json\/wp\/v2\/media\/98"}],"wp:attachment":[{"href":"https:\/\/emiway.com.ar\/wp2\/wp-json\/wp\/v2\/media?parent=97"}],"wp:term":[{"taxonomy":"product_brand","embeddable":true,"href":"https:\/\/emiway.com.ar\/wp2\/wp-json\/wp\/v2\/product_brand?post=97"},{"taxonomy":"product_cat","embeddable":true,"href":"https:\/\/emiway.com.ar\/wp2\/wp-json\/wp\/v2\/product_cat?post=97"},{"taxonomy":"product_tag","embeddable":true,"href":"https:\/\/emiway.com.ar\/wp2\/wp-json\/wp\/v2\/product_tag?post=97"}],"curies":[{"name":"wp","href":"https:\/\/api.w.org\/{rel}","templated":true}]}}