{"id":81,"date":"2023-03-08T18:02:47","date_gmt":"2023-03-08T18:02:47","guid":{"rendered":"https:\/\/emiway.com.ar\/wp2\/?post_type=product&#038;p=81"},"modified":"2025-09-16T19:18:09","modified_gmt":"2025-09-16T19:18:09","slug":"pintura-latex-interior","status":"publish","type":"product","link":"https:\/\/emiway.com.ar\/wp2\/producto\/pintura-latex-interior\/","title":{"rendered":"Pintura L\u00e1tex interior Satinado"},"content":{"rendered":"<p>L\u00e1tex acr\u00edlico profesional de buen poder cubritivo.<br \/>\nRecomendado para aplicar sobre superficies interiores de revoque, hormig\u00f3n, ladrillos, salpicret y superficies rusticas en general.<br \/>\nIdeal para mantenimiento industrial e instituciones deportivas.<br \/>\nEs un producto de buen rendimiento y bajo costo.<\/p>\n<p><strong>Rendimiento<\/strong><br \/>\n8-10 m2 por litro y por mano.<br \/>\nDebe usarse con agregado de 15% de agua.<\/p>\n<p><iframe loading=\"lazy\" title=\"YouTube video player\" src=\"https:\/\/www.youtube.com\/embed\/IewLmQnXZys\" width=\"560\" height=\"315\" frameborder=\"0\" allowfullscreen=\"allowfullscreen\"><\/iframe><\/p>\n","protected":false},"excerpt":{"rendered":"<p>L\u00e1tex acr\u00edlico profesional de buen poder cubritivo.<\/p>\n<ul>\n<li>interiores de revoque<\/li>\n<li>hormig\u00f3n, ladrillos<\/li>\n<li>salpicret y superficies rusticas en general.<\/li>\n<\/ul>\n<p><strong>Rendimiento<\/strong><br \/>\n8-10 m2 por litro y por mano.<br \/>\nDebe usarse con agregado de 15% de agua.<\/p>\n","protected":false},"featured_media":82,"comment_status":"open","ping_status":"closed","template":"","meta":{"_joinchat":[]},"product_brand":[],"product_cat":[16],"product_tag":[23,24],"class_list":{"0":"post-81","1":"product","2":"type-product","3":"status-publish","4":"has-post-thumbnail","6":"product_cat-pinturas-latex","7":"product_tag-latex-interior","8":"product_tag-latex-satinado","10":"first","11":"instock","12":"shipping-taxable","13":"purchasable","14":"product-type-variable"},"yoast_head":"<!-- This site is optimized with the Yoast SEO plugin v27.4 - https:\/\/yoast.com\/product\/yoast-seo-wordpress\/ -->\n<title>Pintura L\u00e1tex interior Satinado -<\/title>\n<meta name=\"description\" content=\"L\u00e1tex acr\u00edlico de buen poder cubritivo. para aplicar sobre superficies interiores de revoque, hormig\u00f3n, ladrillos, salpicret y superficies rusticas.\" \/>\n<meta name=\"robots\" content=\"index, follow, max-snippet:-1, max-image-preview:large, max-video-preview:-1\" \/>\n<link rel=\"canonical\" href=\"https:\/\/emiway.com.ar\/wp2\/producto\/pintura-latex-interior\/\" \/>\n<meta property=\"og:locale\" content=\"es_ES\" \/>\n<meta property=\"og:type\" content=\"article\" \/>\n<meta property=\"og:title\" content=\"Pintura L\u00e1tex interior Satinado -\" \/>\n<meta property=\"og:description\" content=\"L\u00e1tex acr\u00edlico de buen poder cubritivo. para aplicar sobre superficies interiores de revoque, hormig\u00f3n, ladrillos, salpicret y superficies rusticas.\" \/>\n<meta property=\"og:url\" content=\"https:\/\/emiway.com.ar\/wp2\/producto\/pintura-latex-interior\/\" \/>\n<meta property=\"article:modified_time\" content=\"2025-09-16T19:18:09+00:00\" \/>\n<meta property=\"og:image\" content=\"https:\/\/emiway.com.ar\/wp2\/wp-content\/uploads\/2023\/03\/latex-int-satinado-1000x750-1.jpg\" \/>\n\t<meta property=\"og:image:width\" content=\"1000\" \/>\n\t<meta property=\"og:image:height\" content=\"750\" \/>\n\t<meta property=\"og:image:type\" content=\"image\/jpeg\" \/>\n<meta name=\"twitter:card\" content=\"summary_large_image\" \/>\n<meta name=\"twitter:label1\" content=\"Tiempo de lectura\" \/>\n\t<meta name=\"twitter:data1\" content=\"1 minuto\" \/>\n<script type=\"application\/ld+json\" class=\"yoast-schema-graph\">{\"@context\":\"https:\\\/\\\/schema.org\",\"@graph\":[{\"@type\":\"WebPage\",\"@id\":\"https:\\\/\\\/emiway.com.ar\\\/wp2\\\/producto\\\/pintura-latex-interior\\\/\",\"url\":\"https:\\\/\\\/emiway.com.ar\\\/wp2\\\/producto\\\/pintura-latex-interior\\\/\",\"name\":\"Pintura L\u00e1tex interior Satinado -\",\"isPartOf\":{\"@id\":\"https:\\\/\\\/emiway.com.ar\\\/wp2\\\/#website\"},\"primaryImageOfPage\":{\"@id\":\"https:\\\/\\\/emiway.com.ar\\\/wp2\\\/producto\\\/pintura-latex-interior\\\/#primaryimage\"},\"image\":{\"@id\":\"https:\\\/\\\/emiway.com.ar\\\/wp2\\\/producto\\\/pintura-latex-interior\\\/#primaryimage\"},\"thumbnailUrl\":\"https:\\\/\\\/emiway.com.ar\\\/wp2\\\/wp-content\\\/uploads\\\/2023\\\/03\\\/latex-int-satinado-1000x750-1.jpg\",\"datePublished\":\"2023-03-08T18:02:47+00:00\",\"dateModified\":\"2025-09-16T19:18:09+00:00\",\"description\":\"L\u00e1tex acr\u00edlico de buen poder cubritivo. para aplicar sobre superficies interiores de revoque, hormig\u00f3n, ladrillos, salpicret y superficies rusticas.\",\"breadcrumb\":{\"@id\":\"https:\\\/\\\/emiway.com.ar\\\/wp2\\\/producto\\\/pintura-latex-interior\\\/#breadcrumb\"},\"inLanguage\":\"es\",\"potentialAction\":[{\"@type\":\"ReadAction\",\"target\":[\"https:\\\/\\\/emiway.com.ar\\\/wp2\\\/producto\\\/pintura-latex-interior\\\/\"]}]},{\"@type\":\"ImageObject\",\"inLanguage\":\"es\",\"@id\":\"https:\\\/\\\/emiway.com.ar\\\/wp2\\\/producto\\\/pintura-latex-interior\\\/#primaryimage\",\"url\":\"https:\\\/\\\/emiway.com.ar\\\/wp2\\\/wp-content\\\/uploads\\\/2023\\\/03\\\/latex-int-satinado-1000x750-1.jpg\",\"contentUrl\":\"https:\\\/\\\/emiway.com.ar\\\/wp2\\\/wp-content\\\/uploads\\\/2023\\\/03\\\/latex-int-satinado-1000x750-1.jpg\",\"width\":1000,\"height\":750,\"caption\":\"Pintura l\u00e1tex interior satinado\"},{\"@type\":\"BreadcrumbList\",\"@id\":\"https:\\\/\\\/emiway.com.ar\\\/wp2\\\/producto\\\/pintura-latex-interior\\\/#breadcrumb\",\"itemListElement\":[{\"@type\":\"ListItem\",\"position\":1,\"name\":\"Portada\",\"item\":\"https:\\\/\\\/emiway.com.ar\\\/wp2\\\/\"},{\"@type\":\"ListItem\",\"position\":2,\"name\":\"Tienda\",\"item\":\"https:\\\/\\\/emiway.com.ar\\\/wp2\\\/tienda\\\/\"},{\"@type\":\"ListItem\",\"position\":3,\"name\":\"Pintura L\u00e1tex interior Satinado\"}]},{\"@type\":\"WebSite\",\"@id\":\"https:\\\/\\\/emiway.com.ar\\\/wp2\\\/#website\",\"url\":\"https:\\\/\\\/emiway.com.ar\\\/wp2\\\/\",\"name\":\"\",\"description\":\"\",\"potentialAction\":[{\"@type\":\"SearchAction\",\"target\":{\"@type\":\"EntryPoint\",\"urlTemplate\":\"https:\\\/\\\/emiway.com.ar\\\/wp2\\\/?s={search_term_string}\"},\"query-input\":{\"@type\":\"PropertyValueSpecification\",\"valueRequired\":true,\"valueName\":\"search_term_string\"}}],\"inLanguage\":\"es\"}]}<\/script>\n<!-- \/ Yoast SEO plugin. -->","yoast_head_json":{"title":"Pintura L\u00e1tex interior Satinado -","description":"L\u00e1tex acr\u00edlico de buen poder cubritivo. para aplicar sobre superficies interiores de revoque, hormig\u00f3n, ladrillos, salpicret y superficies rusticas.","robots":{"index":"index","follow":"follow","max-snippet":"max-snippet:-1","max-image-preview":"max-image-preview:large","max-video-preview":"max-video-preview:-1"},"canonical":"https:\/\/emiway.com.ar\/wp2\/producto\/pintura-latex-interior\/","og_locale":"es_ES","og_type":"article","og_title":"Pintura L\u00e1tex interior Satinado -","og_description":"L\u00e1tex acr\u00edlico de buen poder cubritivo. para aplicar sobre superficies interiores de revoque, hormig\u00f3n, ladrillos, salpicret y superficies rusticas.","og_url":"https:\/\/emiway.com.ar\/wp2\/producto\/pintura-latex-interior\/","article_modified_time":"2025-09-16T19:18:09+00:00","og_image":[{"width":1000,"height":750,"url":"https:\/\/emiway.com.ar\/wp2\/wp-content\/uploads\/2023\/03\/latex-int-satinado-1000x750-1.jpg","type":"image\/jpeg"}],"twitter_card":"summary_large_image","twitter_misc":{"Tiempo de lectura":"1 minuto"},"schema":{"@context":"https:\/\/schema.org","@graph":[{"@type":"WebPage","@id":"https:\/\/emiway.com.ar\/wp2\/producto\/pintura-latex-interior\/","url":"https:\/\/emiway.com.ar\/wp2\/producto\/pintura-latex-interior\/","name":"Pintura L\u00e1tex interior Satinado -","isPartOf":{"@id":"https:\/\/emiway.com.ar\/wp2\/#website"},"primaryImageOfPage":{"@id":"https:\/\/emiway.com.ar\/wp2\/producto\/pintura-latex-interior\/#primaryimage"},"image":{"@id":"https:\/\/emiway.com.ar\/wp2\/producto\/pintura-latex-interior\/#primaryimage"},"thumbnailUrl":"https:\/\/emiway.com.ar\/wp2\/wp-content\/uploads\/2023\/03\/latex-int-satinado-1000x750-1.jpg","datePublished":"2023-03-08T18:02:47+00:00","dateModified":"2025-09-16T19:18:09+00:00","description":"L\u00e1tex acr\u00edlico de buen poder cubritivo. para aplicar sobre superficies interiores de revoque, hormig\u00f3n, ladrillos, salpicret y superficies rusticas.","breadcrumb":{"@id":"https:\/\/emiway.com.ar\/wp2\/producto\/pintura-latex-interior\/#breadcrumb"},"inLanguage":"es","potentialAction":[{"@type":"ReadAction","target":["https:\/\/emiway.com.ar\/wp2\/producto\/pintura-latex-interior\/"]}]},{"@type":"ImageObject","inLanguage":"es","@id":"https:\/\/emiway.com.ar\/wp2\/producto\/pintura-latex-interior\/#primaryimage","url":"https:\/\/emiway.com.ar\/wp2\/wp-content\/uploads\/2023\/03\/latex-int-satinado-1000x750-1.jpg","contentUrl":"https:\/\/emiway.com.ar\/wp2\/wp-content\/uploads\/2023\/03\/latex-int-satinado-1000x750-1.jpg","width":1000,"height":750,"caption":"Pintura l\u00e1tex interior satinado"},{"@type":"BreadcrumbList","@id":"https:\/\/emiway.com.ar\/wp2\/producto\/pintura-latex-interior\/#breadcrumb","itemListElement":[{"@type":"ListItem","position":1,"name":"Portada","item":"https:\/\/emiway.com.ar\/wp2\/"},{"@type":"ListItem","position":2,"name":"Tienda","item":"https:\/\/emiway.com.ar\/wp2\/tienda\/"},{"@type":"ListItem","position":3,"name":"Pintura L\u00e1tex interior Satinado"}]},{"@type":"WebSite","@id":"https:\/\/emiway.com.ar\/wp2\/#website","url":"https:\/\/emiway.com.ar\/wp2\/","name":"","description":"","potentialAction":[{"@type":"SearchAction","target":{"@type":"EntryPoint","urlTemplate":"https:\/\/emiway.com.ar\/wp2\/?s={search_term_string}"},"query-input":{"@type":"PropertyValueSpecification","valueRequired":true,"valueName":"search_term_string"}}],"inLanguage":"es"}]}},"_links":{"self":[{"href":"https:\/\/emiway.com.ar\/wp2\/wp-json\/wp\/v2\/product\/81","targetHints":{"allow":["GET"]}}],"collection":[{"href":"https:\/\/emiway.com.ar\/wp2\/wp-json\/wp\/v2\/product"}],"about":[{"href":"https:\/\/emiway.com.ar\/wp2\/wp-json\/wp\/v2\/types\/product"}],"replies":[{"embeddable":true,"href":"https:\/\/emiway.com.ar\/wp2\/wp-json\/wp\/v2\/comments?post=81"}],"wp:featuredmedia":[{"embeddable":true,"href":"https:\/\/emiway.com.ar\/wp2\/wp-json\/wp\/v2\/media\/82"}],"wp:attachment":[{"href":"https:\/\/emiway.com.ar\/wp2\/wp-json\/wp\/v2\/media?parent=81"}],"wp:term":[{"taxonomy":"product_brand","embeddable":true,"href":"https:\/\/emiway.com.ar\/wp2\/wp-json\/wp\/v2\/product_brand?post=81"},{"taxonomy":"product_cat","embeddable":true,"href":"https:\/\/emiway.com.ar\/wp2\/wp-json\/wp\/v2\/product_cat?post=81"},{"taxonomy":"product_tag","embeddable":true,"href":"https:\/\/emiway.com.ar\/wp2\/wp-json\/wp\/v2\/product_tag?post=81"}],"curies":[{"name":"wp","href":"https:\/\/api.w.org\/{rel}","templated":true}]}}