{"id":213,"date":"2023-03-09T21:15:24","date_gmt":"2023-03-09T21:15:24","guid":{"rendered":"https:\/\/emiway.com.ar\/wp2\/?post_type=product&#038;p=213"},"modified":"2025-11-18T22:04:47","modified_gmt":"2025-11-18T22:04:47","slug":"diluyente-epoxi","status":"publish","type":"product","link":"https:\/\/emiway.com.ar\/wp2\/producto\/diluyente-epoxi\/","title":{"rendered":"Diluyente epoxi"},"content":{"rendered":"<p class=\"mbr-text mbr-fonts-style display-7\">Obtenido por mezcla equilibrada de productos qu\u00edmicos, que permite una perfecta y total disoluci\u00f3n de la resina epoxi, favoreciendo la aplicaci\u00f3n y el secado del esmalte epoxi.<br \/>\nUsado tambi\u00e9n para limpieza de elementos de aplicaci\u00f3n.<br \/>\nProducto inflamable, apagar con arena o extinguidor.<\/p>\n","protected":false},"excerpt":{"rendered":"<ul>\n<li>Para aplicaci\u00f3n y el secado del esmalte epoxi.<\/li>\n<li>Usado tambi\u00e9n para limpieza de elementos de aplicaci\u00f3n.<\/li>\n<\/ul>\n","protected":false},"featured_media":214,"comment_status":"closed","ping_status":"closed","template":"","meta":{"_joinchat":[]},"product_brand":[],"product_cat":[21,55],"product_tag":[],"class_list":{"0":"post-213","1":"product","2":"type-product","3":"status-publish","4":"has-post-thumbnail","6":"product_cat-auxiliares","7":"product_cat-diluyentes","9":"first","10":"instock","11":"shipping-taxable","12":"purchasable","13":"product-type-variable"},"yoast_head":"<!-- This site is optimized with the Yoast SEO plugin v27.4 - https:\/\/yoast.com\/product\/yoast-seo-wordpress\/ -->\n<title>Diluyente epoxi -<\/title>\n<meta name=\"robots\" content=\"index, follow, max-snippet:-1, max-image-preview:large, max-video-preview:-1\" \/>\n<link rel=\"canonical\" href=\"https:\/\/emiway.com.ar\/wp2\/producto\/diluyente-epoxi\/\" \/>\n<meta property=\"og:locale\" content=\"es_ES\" \/>\n<meta property=\"og:type\" content=\"article\" \/>\n<meta property=\"og:title\" content=\"Diluyente epoxi -\" \/>\n<meta property=\"og:description\" content=\"Para aplicaci\u00f3n y el secado del esmalte epoxi.  Usado tambi\u00e9n para limpieza de elementos de aplicaci\u00f3n.\" \/>\n<meta property=\"og:url\" content=\"https:\/\/emiway.com.ar\/wp2\/producto\/diluyente-epoxi\/\" \/>\n<meta property=\"article:modified_time\" content=\"2025-11-18T22:04:47+00:00\" \/>\n<meta property=\"og:image\" content=\"https:\/\/emiway.com.ar\/wp2\/wp-content\/uploads\/2023\/03\/diluyente-epoxi.jpg\" \/>\n\t<meta property=\"og:image:width\" content=\"1000\" \/>\n\t<meta property=\"og:image:height\" content=\"750\" \/>\n\t<meta property=\"og:image:type\" content=\"image\/jpeg\" \/>\n<meta name=\"twitter:card\" content=\"summary_large_image\" \/>\n<meta name=\"twitter:label1\" content=\"Tiempo de lectura\" \/>\n\t<meta name=\"twitter:data1\" content=\"1 minuto\" \/>\n<script type=\"application\/ld+json\" class=\"yoast-schema-graph\">{\"@context\":\"https:\\\/\\\/schema.org\",\"@graph\":[{\"@type\":\"WebPage\",\"@id\":\"https:\\\/\\\/emiway.com.ar\\\/wp2\\\/producto\\\/diluyente-epoxi\\\/\",\"url\":\"https:\\\/\\\/emiway.com.ar\\\/wp2\\\/producto\\\/diluyente-epoxi\\\/\",\"name\":\"Diluyente epoxi -\",\"isPartOf\":{\"@id\":\"https:\\\/\\\/emiway.com.ar\\\/wp2\\\/#website\"},\"primaryImageOfPage\":{\"@id\":\"https:\\\/\\\/emiway.com.ar\\\/wp2\\\/producto\\\/diluyente-epoxi\\\/#primaryimage\"},\"image\":{\"@id\":\"https:\\\/\\\/emiway.com.ar\\\/wp2\\\/producto\\\/diluyente-epoxi\\\/#primaryimage\"},\"thumbnailUrl\":\"https:\\\/\\\/emiway.com.ar\\\/wp2\\\/wp-content\\\/uploads\\\/2023\\\/03\\\/diluyente-epoxi.jpg\",\"datePublished\":\"2023-03-09T21:15:24+00:00\",\"dateModified\":\"2025-11-18T22:04:47+00:00\",\"breadcrumb\":{\"@id\":\"https:\\\/\\\/emiway.com.ar\\\/wp2\\\/producto\\\/diluyente-epoxi\\\/#breadcrumb\"},\"inLanguage\":\"es\",\"potentialAction\":[{\"@type\":\"ReadAction\",\"target\":[\"https:\\\/\\\/emiway.com.ar\\\/wp2\\\/producto\\\/diluyente-epoxi\\\/\"]}]},{\"@type\":\"ImageObject\",\"inLanguage\":\"es\",\"@id\":\"https:\\\/\\\/emiway.com.ar\\\/wp2\\\/producto\\\/diluyente-epoxi\\\/#primaryimage\",\"url\":\"https:\\\/\\\/emiway.com.ar\\\/wp2\\\/wp-content\\\/uploads\\\/2023\\\/03\\\/diluyente-epoxi.jpg\",\"contentUrl\":\"https:\\\/\\\/emiway.com.ar\\\/wp2\\\/wp-content\\\/uploads\\\/2023\\\/03\\\/diluyente-epoxi.jpg\",\"width\":1000,\"height\":750,\"caption\":\"diluyente epoxi\"},{\"@type\":\"BreadcrumbList\",\"@id\":\"https:\\\/\\\/emiway.com.ar\\\/wp2\\\/producto\\\/diluyente-epoxi\\\/#breadcrumb\",\"itemListElement\":[{\"@type\":\"ListItem\",\"position\":1,\"name\":\"Portada\",\"item\":\"https:\\\/\\\/emiway.com.ar\\\/wp2\\\/\"},{\"@type\":\"ListItem\",\"position\":2,\"name\":\"Tienda\",\"item\":\"https:\\\/\\\/emiway.com.ar\\\/wp2\\\/tienda\\\/\"},{\"@type\":\"ListItem\",\"position\":3,\"name\":\"Diluyente epoxi\"}]},{\"@type\":\"WebSite\",\"@id\":\"https:\\\/\\\/emiway.com.ar\\\/wp2\\\/#website\",\"url\":\"https:\\\/\\\/emiway.com.ar\\\/wp2\\\/\",\"name\":\"\",\"description\":\"\",\"potentialAction\":[{\"@type\":\"SearchAction\",\"target\":{\"@type\":\"EntryPoint\",\"urlTemplate\":\"https:\\\/\\\/emiway.com.ar\\\/wp2\\\/?s={search_term_string}\"},\"query-input\":{\"@type\":\"PropertyValueSpecification\",\"valueRequired\":true,\"valueName\":\"search_term_string\"}}],\"inLanguage\":\"es\"}]}<\/script>\n<!-- \/ Yoast SEO plugin. -->","yoast_head_json":{"title":"Diluyente epoxi -","robots":{"index":"index","follow":"follow","max-snippet":"max-snippet:-1","max-image-preview":"max-image-preview:large","max-video-preview":"max-video-preview:-1"},"canonical":"https:\/\/emiway.com.ar\/wp2\/producto\/diluyente-epoxi\/","og_locale":"es_ES","og_type":"article","og_title":"Diluyente epoxi -","og_description":"Para aplicaci\u00f3n y el secado del esmalte epoxi.  Usado tambi\u00e9n para limpieza de elementos de aplicaci\u00f3n.","og_url":"https:\/\/emiway.com.ar\/wp2\/producto\/diluyente-epoxi\/","article_modified_time":"2025-11-18T22:04:47+00:00","og_image":[{"width":1000,"height":750,"url":"https:\/\/emiway.com.ar\/wp2\/wp-content\/uploads\/2023\/03\/diluyente-epoxi.jpg","type":"image\/jpeg"}],"twitter_card":"summary_large_image","twitter_misc":{"Tiempo de lectura":"1 minuto"},"schema":{"@context":"https:\/\/schema.org","@graph":[{"@type":"WebPage","@id":"https:\/\/emiway.com.ar\/wp2\/producto\/diluyente-epoxi\/","url":"https:\/\/emiway.com.ar\/wp2\/producto\/diluyente-epoxi\/","name":"Diluyente epoxi -","isPartOf":{"@id":"https:\/\/emiway.com.ar\/wp2\/#website"},"primaryImageOfPage":{"@id":"https:\/\/emiway.com.ar\/wp2\/producto\/diluyente-epoxi\/#primaryimage"},"image":{"@id":"https:\/\/emiway.com.ar\/wp2\/producto\/diluyente-epoxi\/#primaryimage"},"thumbnailUrl":"https:\/\/emiway.com.ar\/wp2\/wp-content\/uploads\/2023\/03\/diluyente-epoxi.jpg","datePublished":"2023-03-09T21:15:24+00:00","dateModified":"2025-11-18T22:04:47+00:00","breadcrumb":{"@id":"https:\/\/emiway.com.ar\/wp2\/producto\/diluyente-epoxi\/#breadcrumb"},"inLanguage":"es","potentialAction":[{"@type":"ReadAction","target":["https:\/\/emiway.com.ar\/wp2\/producto\/diluyente-epoxi\/"]}]},{"@type":"ImageObject","inLanguage":"es","@id":"https:\/\/emiway.com.ar\/wp2\/producto\/diluyente-epoxi\/#primaryimage","url":"https:\/\/emiway.com.ar\/wp2\/wp-content\/uploads\/2023\/03\/diluyente-epoxi.jpg","contentUrl":"https:\/\/emiway.com.ar\/wp2\/wp-content\/uploads\/2023\/03\/diluyente-epoxi.jpg","width":1000,"height":750,"caption":"diluyente epoxi"},{"@type":"BreadcrumbList","@id":"https:\/\/emiway.com.ar\/wp2\/producto\/diluyente-epoxi\/#breadcrumb","itemListElement":[{"@type":"ListItem","position":1,"name":"Portada","item":"https:\/\/emiway.com.ar\/wp2\/"},{"@type":"ListItem","position":2,"name":"Tienda","item":"https:\/\/emiway.com.ar\/wp2\/tienda\/"},{"@type":"ListItem","position":3,"name":"Diluyente epoxi"}]},{"@type":"WebSite","@id":"https:\/\/emiway.com.ar\/wp2\/#website","url":"https:\/\/emiway.com.ar\/wp2\/","name":"","description":"","potentialAction":[{"@type":"SearchAction","target":{"@type":"EntryPoint","urlTemplate":"https:\/\/emiway.com.ar\/wp2\/?s={search_term_string}"},"query-input":{"@type":"PropertyValueSpecification","valueRequired":true,"valueName":"search_term_string"}}],"inLanguage":"es"}]}},"_links":{"self":[{"href":"https:\/\/emiway.com.ar\/wp2\/wp-json\/wp\/v2\/product\/213","targetHints":{"allow":["GET"]}}],"collection":[{"href":"https:\/\/emiway.com.ar\/wp2\/wp-json\/wp\/v2\/product"}],"about":[{"href":"https:\/\/emiway.com.ar\/wp2\/wp-json\/wp\/v2\/types\/product"}],"replies":[{"embeddable":true,"href":"https:\/\/emiway.com.ar\/wp2\/wp-json\/wp\/v2\/comments?post=213"}],"wp:featuredmedia":[{"embeddable":true,"href":"https:\/\/emiway.com.ar\/wp2\/wp-json\/wp\/v2\/media\/214"}],"wp:attachment":[{"href":"https:\/\/emiway.com.ar\/wp2\/wp-json\/wp\/v2\/media?parent=213"}],"wp:term":[{"taxonomy":"product_brand","embeddable":true,"href":"https:\/\/emiway.com.ar\/wp2\/wp-json\/wp\/v2\/product_brand?post=213"},{"taxonomy":"product_cat","embeddable":true,"href":"https:\/\/emiway.com.ar\/wp2\/wp-json\/wp\/v2\/product_cat?post=213"},{"taxonomy":"product_tag","embeddable":true,"href":"https:\/\/emiway.com.ar\/wp2\/wp-json\/wp\/v2\/product_tag?post=213"}],"curies":[{"name":"wp","href":"https:\/\/api.w.org\/{rel}","templated":true}]}}