{"id":185,"date":"2023-03-09T18:44:47","date_gmt":"2023-03-09T18:44:47","guid":{"rendered":"https:\/\/emiway.com.ar\/wp2\/?post_type=product&#038;p=185"},"modified":"2025-09-15T22:13:38","modified_gmt":"2025-09-15T22:13:38","slug":"barniz-marino","status":"publish","type":"product","link":"https:\/\/emiway.com.ar\/wp2\/producto\/barniz-marino\/","title":{"rendered":"Barniz marino"},"content":{"rendered":"<p class=\"mbr-text mbr-fonts-style display-7\">Recubrimiento de alta calidad que realza la belleza natural de la madera y la protege de la agresi\u00f3n de los agentes clim\u00e1ticos y la erosi\u00f3n.<br \/>\nSu f\u00f3rmula equilibrada incorpora filtros solares que protegen de la acci\u00f3n destructiva del sol.<br \/>\nSe presenta en color, natural, roble, cedro, caoba y marr\u00f3n.<br \/>\nForma una pel\u00edcula brillante , de buena nivelaci\u00f3n y r\u00e1pido secado.<br \/>\nDiluir con aguarr\u00e1s, aplique con pincel, rodillo o soplete.<\/p>\n<p><strong>Rendimiento<\/strong><br \/>\n10-12 m2 por litro y por mano.<\/p>\n","protected":false},"excerpt":{"rendered":"<ul>\n<li>Protege\u00a0 de la agresi\u00f3n de los agentes clim\u00e1ticos y la erosi\u00f3n.<\/li>\n<li>Con filtros solares que protegen de la acci\u00f3n destructiva del sol.<\/li>\n<li>Color, natural, roble, cedro, caoba y marr\u00f3n.<\/li>\n<li>Buena nivelaci\u00f3n y r\u00e1pido secado.<\/li>\n<li>Se diluye con aguarr\u00e1s,<\/li>\n<li>Se aplica con pincel, rodillo o soplete.<strong>Rendimiento<\/strong><br \/>\n10-12 m2 por litro y por mano.<\/li>\n<\/ul>\n","protected":false},"featured_media":186,"comment_status":"closed","ping_status":"closed","template":"","meta":{"_joinchat":[]},"product_brand":[],"product_cat":[19],"product_tag":[48],"class_list":{"0":"post-185","1":"product","2":"type-product","3":"status-publish","4":"has-post-thumbnail","6":"product_cat-esmaltes-y-barnices","7":"product_tag-barnices","9":"first","10":"instock","11":"shipping-taxable","12":"purchasable","13":"product-type-variable"},"yoast_head":"<!-- This site is optimized with the Yoast SEO plugin v27.4 - https:\/\/yoast.com\/product\/yoast-seo-wordpress\/ -->\n<title>Barniz marino -<\/title>\n<meta name=\"robots\" content=\"index, follow, max-snippet:-1, max-image-preview:large, max-video-preview:-1\" \/>\n<link rel=\"canonical\" href=\"https:\/\/emiway.com.ar\/wp2\/producto\/barniz-marino\/\" \/>\n<meta property=\"og:locale\" content=\"es_ES\" \/>\n<meta property=\"og:type\" content=\"article\" \/>\n<meta property=\"og:title\" content=\"Barniz marino -\" \/>\n<meta property=\"og:description\" content=\"Protege\u00a0 de la agresi\u00f3n de los agentes clim\u00e1ticos y la erosi\u00f3n.  Con filtros solares que protegen de la acci\u00f3n destructiva del sol.  Color, natural, roble, cedro, caoba y marr\u00f3n.  Buena nivelaci\u00f3n y r\u00e1pido secado.  Se diluye con aguarr\u00e1s,  Se aplica con pincel, rodillo o soplete.Rendimiento 10-12 m2 por litro y por mano.\" \/>\n<meta property=\"og:url\" content=\"https:\/\/emiway.com.ar\/wp2\/producto\/barniz-marino\/\" \/>\n<meta property=\"article:modified_time\" content=\"2025-09-15T22:13:38+00:00\" \/>\n<meta property=\"og:image\" content=\"https:\/\/emiway.com.ar\/wp2\/wp-content\/uploads\/2023\/03\/barniz-marino.jpg\" \/>\n\t<meta property=\"og:image:width\" content=\"1000\" \/>\n\t<meta property=\"og:image:height\" content=\"750\" \/>\n\t<meta property=\"og:image:type\" content=\"image\/jpeg\" \/>\n<meta name=\"twitter:card\" content=\"summary_large_image\" \/>\n<meta name=\"twitter:label1\" content=\"Tiempo de lectura\" \/>\n\t<meta name=\"twitter:data1\" content=\"1 minuto\" \/>\n<script type=\"application\/ld+json\" class=\"yoast-schema-graph\">{\"@context\":\"https:\\\/\\\/schema.org\",\"@graph\":[{\"@type\":\"WebPage\",\"@id\":\"https:\\\/\\\/emiway.com.ar\\\/wp2\\\/producto\\\/barniz-marino\\\/\",\"url\":\"https:\\\/\\\/emiway.com.ar\\\/wp2\\\/producto\\\/barniz-marino\\\/\",\"name\":\"Barniz marino -\",\"isPartOf\":{\"@id\":\"https:\\\/\\\/emiway.com.ar\\\/wp2\\\/#website\"},\"primaryImageOfPage\":{\"@id\":\"https:\\\/\\\/emiway.com.ar\\\/wp2\\\/producto\\\/barniz-marino\\\/#primaryimage\"},\"image\":{\"@id\":\"https:\\\/\\\/emiway.com.ar\\\/wp2\\\/producto\\\/barniz-marino\\\/#primaryimage\"},\"thumbnailUrl\":\"https:\\\/\\\/emiway.com.ar\\\/wp2\\\/wp-content\\\/uploads\\\/2023\\\/03\\\/barniz-marino.jpg\",\"datePublished\":\"2023-03-09T18:44:47+00:00\",\"dateModified\":\"2025-09-15T22:13:38+00:00\",\"breadcrumb\":{\"@id\":\"https:\\\/\\\/emiway.com.ar\\\/wp2\\\/producto\\\/barniz-marino\\\/#breadcrumb\"},\"inLanguage\":\"es\",\"potentialAction\":[{\"@type\":\"ReadAction\",\"target\":[\"https:\\\/\\\/emiway.com.ar\\\/wp2\\\/producto\\\/barniz-marino\\\/\"]}]},{\"@type\":\"ImageObject\",\"inLanguage\":\"es\",\"@id\":\"https:\\\/\\\/emiway.com.ar\\\/wp2\\\/producto\\\/barniz-marino\\\/#primaryimage\",\"url\":\"https:\\\/\\\/emiway.com.ar\\\/wp2\\\/wp-content\\\/uploads\\\/2023\\\/03\\\/barniz-marino.jpg\",\"contentUrl\":\"https:\\\/\\\/emiway.com.ar\\\/wp2\\\/wp-content\\\/uploads\\\/2023\\\/03\\\/barniz-marino.jpg\",\"width\":1000,\"height\":750,\"caption\":\"Barniz marino\"},{\"@type\":\"BreadcrumbList\",\"@id\":\"https:\\\/\\\/emiway.com.ar\\\/wp2\\\/producto\\\/barniz-marino\\\/#breadcrumb\",\"itemListElement\":[{\"@type\":\"ListItem\",\"position\":1,\"name\":\"Portada\",\"item\":\"https:\\\/\\\/emiway.com.ar\\\/wp2\\\/\"},{\"@type\":\"ListItem\",\"position\":2,\"name\":\"Tienda\",\"item\":\"https:\\\/\\\/emiway.com.ar\\\/wp2\\\/tienda\\\/\"},{\"@type\":\"ListItem\",\"position\":3,\"name\":\"Barniz marino\"}]},{\"@type\":\"WebSite\",\"@id\":\"https:\\\/\\\/emiway.com.ar\\\/wp2\\\/#website\",\"url\":\"https:\\\/\\\/emiway.com.ar\\\/wp2\\\/\",\"name\":\"\",\"description\":\"\",\"potentialAction\":[{\"@type\":\"SearchAction\",\"target\":{\"@type\":\"EntryPoint\",\"urlTemplate\":\"https:\\\/\\\/emiway.com.ar\\\/wp2\\\/?s={search_term_string}\"},\"query-input\":{\"@type\":\"PropertyValueSpecification\",\"valueRequired\":true,\"valueName\":\"search_term_string\"}}],\"inLanguage\":\"es\"}]}<\/script>\n<!-- \/ Yoast SEO plugin. -->","yoast_head_json":{"title":"Barniz marino -","robots":{"index":"index","follow":"follow","max-snippet":"max-snippet:-1","max-image-preview":"max-image-preview:large","max-video-preview":"max-video-preview:-1"},"canonical":"https:\/\/emiway.com.ar\/wp2\/producto\/barniz-marino\/","og_locale":"es_ES","og_type":"article","og_title":"Barniz marino -","og_description":"Protege\u00a0 de la agresi\u00f3n de los agentes clim\u00e1ticos y la erosi\u00f3n.  Con filtros solares que protegen de la acci\u00f3n destructiva del sol.  Color, natural, roble, cedro, caoba y marr\u00f3n.  Buena nivelaci\u00f3n y r\u00e1pido secado.  Se diluye con aguarr\u00e1s,  Se aplica con pincel, rodillo o soplete.Rendimiento 10-12 m2 por litro y por mano.","og_url":"https:\/\/emiway.com.ar\/wp2\/producto\/barniz-marino\/","article_modified_time":"2025-09-15T22:13:38+00:00","og_image":[{"width":1000,"height":750,"url":"https:\/\/emiway.com.ar\/wp2\/wp-content\/uploads\/2023\/03\/barniz-marino.jpg","type":"image\/jpeg"}],"twitter_card":"summary_large_image","twitter_misc":{"Tiempo de lectura":"1 minuto"},"schema":{"@context":"https:\/\/schema.org","@graph":[{"@type":"WebPage","@id":"https:\/\/emiway.com.ar\/wp2\/producto\/barniz-marino\/","url":"https:\/\/emiway.com.ar\/wp2\/producto\/barniz-marino\/","name":"Barniz marino -","isPartOf":{"@id":"https:\/\/emiway.com.ar\/wp2\/#website"},"primaryImageOfPage":{"@id":"https:\/\/emiway.com.ar\/wp2\/producto\/barniz-marino\/#primaryimage"},"image":{"@id":"https:\/\/emiway.com.ar\/wp2\/producto\/barniz-marino\/#primaryimage"},"thumbnailUrl":"https:\/\/emiway.com.ar\/wp2\/wp-content\/uploads\/2023\/03\/barniz-marino.jpg","datePublished":"2023-03-09T18:44:47+00:00","dateModified":"2025-09-15T22:13:38+00:00","breadcrumb":{"@id":"https:\/\/emiway.com.ar\/wp2\/producto\/barniz-marino\/#breadcrumb"},"inLanguage":"es","potentialAction":[{"@type":"ReadAction","target":["https:\/\/emiway.com.ar\/wp2\/producto\/barniz-marino\/"]}]},{"@type":"ImageObject","inLanguage":"es","@id":"https:\/\/emiway.com.ar\/wp2\/producto\/barniz-marino\/#primaryimage","url":"https:\/\/emiway.com.ar\/wp2\/wp-content\/uploads\/2023\/03\/barniz-marino.jpg","contentUrl":"https:\/\/emiway.com.ar\/wp2\/wp-content\/uploads\/2023\/03\/barniz-marino.jpg","width":1000,"height":750,"caption":"Barniz marino"},{"@type":"BreadcrumbList","@id":"https:\/\/emiway.com.ar\/wp2\/producto\/barniz-marino\/#breadcrumb","itemListElement":[{"@type":"ListItem","position":1,"name":"Portada","item":"https:\/\/emiway.com.ar\/wp2\/"},{"@type":"ListItem","position":2,"name":"Tienda","item":"https:\/\/emiway.com.ar\/wp2\/tienda\/"},{"@type":"ListItem","position":3,"name":"Barniz marino"}]},{"@type":"WebSite","@id":"https:\/\/emiway.com.ar\/wp2\/#website","url":"https:\/\/emiway.com.ar\/wp2\/","name":"","description":"","potentialAction":[{"@type":"SearchAction","target":{"@type":"EntryPoint","urlTemplate":"https:\/\/emiway.com.ar\/wp2\/?s={search_term_string}"},"query-input":{"@type":"PropertyValueSpecification","valueRequired":true,"valueName":"search_term_string"}}],"inLanguage":"es"}]}},"_links":{"self":[{"href":"https:\/\/emiway.com.ar\/wp2\/wp-json\/wp\/v2\/product\/185","targetHints":{"allow":["GET"]}}],"collection":[{"href":"https:\/\/emiway.com.ar\/wp2\/wp-json\/wp\/v2\/product"}],"about":[{"href":"https:\/\/emiway.com.ar\/wp2\/wp-json\/wp\/v2\/types\/product"}],"replies":[{"embeddable":true,"href":"https:\/\/emiway.com.ar\/wp2\/wp-json\/wp\/v2\/comments?post=185"}],"wp:featuredmedia":[{"embeddable":true,"href":"https:\/\/emiway.com.ar\/wp2\/wp-json\/wp\/v2\/media\/186"}],"wp:attachment":[{"href":"https:\/\/emiway.com.ar\/wp2\/wp-json\/wp\/v2\/media?parent=185"}],"wp:term":[{"taxonomy":"product_brand","embeddable":true,"href":"https:\/\/emiway.com.ar\/wp2\/wp-json\/wp\/v2\/product_brand?post=185"},{"taxonomy":"product_cat","embeddable":true,"href":"https:\/\/emiway.com.ar\/wp2\/wp-json\/wp\/v2\/product_cat?post=185"},{"taxonomy":"product_tag","embeddable":true,"href":"https:\/\/emiway.com.ar\/wp2\/wp-json\/wp\/v2\/product_tag?post=185"}],"curies":[{"name":"wp","href":"https:\/\/api.w.org\/{rel}","templated":true}]}}