{"id":159,"date":"2023-03-08T23:49:01","date_gmt":"2023-03-08T23:49:01","guid":{"rendered":"https:\/\/emiway.com.ar\/wp2\/?post_type=product&#038;p=159"},"modified":"2025-09-16T15:19:41","modified_gmt":"2025-09-16T15:19:41","slug":"gel-acrilico-impermeabilizante","status":"publish","type":"product","link":"https:\/\/emiway.com.ar\/wp2\/producto\/gel-acrilico-impermeabilizante\/","title":{"rendered":"Gel acr\u00edlico impermeabilizante"},"content":{"rendered":"<p class=\"mbr-text mbr-fonts-style display-7\">Es un producto de elevada viscosidad, formulado con resinas acr\u00edlicas en emulsi\u00f3n, que forma pel\u00edcula impermeable, transparente incolora y de alta elasticidad.<\/p>\n<p>Alta resistencia a la intemperie.<br \/>\nIdeal para impermeabilizar muros, techos y terrazas de revoque, hormig\u00f3n, cer\u00e1micas, etc.<br \/>\nForma pel\u00edcula el\u00e1stica y muy impermeable.<br \/>\nTapona poros y grietas impidiendo el paso del agua de lluvia.<br \/>\nF\u00e1cil aplicaci\u00f3n con rodillo, pincel o soplete.<br \/>\nMuy buena resistencia al envejecimiento.<\/p>\n","protected":false},"excerpt":{"rendered":"<p>Producto con resinas acr\u00edlicas en emulsi\u00f3n, que forma pel\u00edcula impermeable, transparente incolora y de alta elasticidad.<\/p>\n<ul>\n<li>Alta resistencia a la intemperie.<\/li>\n<li>Ideal para impermeabilizar muros, techos y terrazas de revoque, hormig\u00f3n, cer\u00e1micas, etc.<\/li>\n<li>Forma pel\u00edcula el\u00e1stica y muy impermeable.<\/li>\n<li>Tapona poros y grietas impidiendo el paso del agua de lluvia.<\/li>\n<li>F\u00e1cil aplicaci\u00f3n con rodillo, pincel o soplete.<\/li>\n<li>Muy buena resistencia al envejecimiento.<\/li>\n<\/ul>\n","protected":false},"featured_media":160,"comment_status":"closed","ping_status":"closed","template":"","meta":{"_joinchat":[]},"product_brand":[],"product_cat":[17],"product_tag":[31,32,30],"class_list":{"0":"post-159","1":"product","2":"type-product","3":"status-publish","4":"has-post-thumbnail","6":"product_cat-impermeabilizantes","7":"product_tag-antigoteras","8":"product_tag-proteccion-humedad","9":"product_tag-tapagoteras","11":"first","12":"instock","13":"shipping-taxable","14":"purchasable","15":"product-type-variable"},"yoast_head":"<!-- This site is optimized with the Yoast SEO plugin v27.4 - https:\/\/yoast.com\/product\/yoast-seo-wordpress\/ -->\n<title>Gel acr\u00edlico impermeabilizante -<\/title>\n<meta name=\"description\" content=\"Es un producto , formulado con resinas acr\u00edlicas en emulsi\u00f3n, que forma pel\u00edcula impermeable, transparente incolora y de alta elasticidad.\" \/>\n<meta name=\"robots\" content=\"index, follow, max-snippet:-1, max-image-preview:large, max-video-preview:-1\" \/>\n<link rel=\"canonical\" href=\"https:\/\/emiway.com.ar\/wp2\/producto\/gel-acrilico-impermeabilizante\/\" \/>\n<meta property=\"og:locale\" content=\"es_ES\" \/>\n<meta property=\"og:type\" content=\"article\" \/>\n<meta property=\"og:title\" content=\"Gel acr\u00edlico impermeabilizante -\" \/>\n<meta property=\"og:description\" content=\"Es un producto , formulado con resinas acr\u00edlicas en emulsi\u00f3n, que forma pel\u00edcula impermeable, transparente incolora y de alta elasticidad.\" \/>\n<meta property=\"og:url\" content=\"https:\/\/emiway.com.ar\/wp2\/producto\/gel-acrilico-impermeabilizante\/\" \/>\n<meta property=\"article:modified_time\" content=\"2025-09-16T15:19:41+00:00\" \/>\n<meta property=\"og:image\" content=\"https:\/\/emiway.com.ar\/wp2\/wp-content\/uploads\/2023\/03\/gel.jpg\" \/>\n\t<meta property=\"og:image:width\" content=\"1000\" \/>\n\t<meta property=\"og:image:height\" content=\"750\" \/>\n\t<meta property=\"og:image:type\" content=\"image\/jpeg\" \/>\n<meta name=\"twitter:card\" content=\"summary_large_image\" \/>\n<meta name=\"twitter:label1\" content=\"Tiempo de lectura\" \/>\n\t<meta name=\"twitter:data1\" content=\"1 minuto\" \/>\n<script type=\"application\/ld+json\" class=\"yoast-schema-graph\">{\"@context\":\"https:\\\/\\\/schema.org\",\"@graph\":[{\"@type\":\"WebPage\",\"@id\":\"https:\\\/\\\/emiway.com.ar\\\/wp2\\\/producto\\\/gel-acrilico-impermeabilizante\\\/\",\"url\":\"https:\\\/\\\/emiway.com.ar\\\/wp2\\\/producto\\\/gel-acrilico-impermeabilizante\\\/\",\"name\":\"Gel acr\u00edlico impermeabilizante -\",\"isPartOf\":{\"@id\":\"https:\\\/\\\/emiway.com.ar\\\/wp2\\\/#website\"},\"primaryImageOfPage\":{\"@id\":\"https:\\\/\\\/emiway.com.ar\\\/wp2\\\/producto\\\/gel-acrilico-impermeabilizante\\\/#primaryimage\"},\"image\":{\"@id\":\"https:\\\/\\\/emiway.com.ar\\\/wp2\\\/producto\\\/gel-acrilico-impermeabilizante\\\/#primaryimage\"},\"thumbnailUrl\":\"https:\\\/\\\/emiway.com.ar\\\/wp2\\\/wp-content\\\/uploads\\\/2023\\\/03\\\/gel.jpg\",\"datePublished\":\"2023-03-08T23:49:01+00:00\",\"dateModified\":\"2025-09-16T15:19:41+00:00\",\"description\":\"Es un producto , formulado con resinas acr\u00edlicas en emulsi\u00f3n, que forma pel\u00edcula impermeable, transparente incolora y de alta elasticidad.\",\"breadcrumb\":{\"@id\":\"https:\\\/\\\/emiway.com.ar\\\/wp2\\\/producto\\\/gel-acrilico-impermeabilizante\\\/#breadcrumb\"},\"inLanguage\":\"es\",\"potentialAction\":[{\"@type\":\"ReadAction\",\"target\":[\"https:\\\/\\\/emiway.com.ar\\\/wp2\\\/producto\\\/gel-acrilico-impermeabilizante\\\/\"]}]},{\"@type\":\"ImageObject\",\"inLanguage\":\"es\",\"@id\":\"https:\\\/\\\/emiway.com.ar\\\/wp2\\\/producto\\\/gel-acrilico-impermeabilizante\\\/#primaryimage\",\"url\":\"https:\\\/\\\/emiway.com.ar\\\/wp2\\\/wp-content\\\/uploads\\\/2023\\\/03\\\/gel.jpg\",\"contentUrl\":\"https:\\\/\\\/emiway.com.ar\\\/wp2\\\/wp-content\\\/uploads\\\/2023\\\/03\\\/gel.jpg\",\"width\":1000,\"height\":750,\"caption\":\"gel acr\u00edlico\"},{\"@type\":\"BreadcrumbList\",\"@id\":\"https:\\\/\\\/emiway.com.ar\\\/wp2\\\/producto\\\/gel-acrilico-impermeabilizante\\\/#breadcrumb\",\"itemListElement\":[{\"@type\":\"ListItem\",\"position\":1,\"name\":\"Portada\",\"item\":\"https:\\\/\\\/emiway.com.ar\\\/wp2\\\/\"},{\"@type\":\"ListItem\",\"position\":2,\"name\":\"Tienda\",\"item\":\"https:\\\/\\\/emiway.com.ar\\\/wp2\\\/tienda\\\/\"},{\"@type\":\"ListItem\",\"position\":3,\"name\":\"Gel acr\u00edlico impermeabilizante\"}]},{\"@type\":\"WebSite\",\"@id\":\"https:\\\/\\\/emiway.com.ar\\\/wp2\\\/#website\",\"url\":\"https:\\\/\\\/emiway.com.ar\\\/wp2\\\/\",\"name\":\"\",\"description\":\"\",\"potentialAction\":[{\"@type\":\"SearchAction\",\"target\":{\"@type\":\"EntryPoint\",\"urlTemplate\":\"https:\\\/\\\/emiway.com.ar\\\/wp2\\\/?s={search_term_string}\"},\"query-input\":{\"@type\":\"PropertyValueSpecification\",\"valueRequired\":true,\"valueName\":\"search_term_string\"}}],\"inLanguage\":\"es\"}]}<\/script>\n<!-- \/ Yoast SEO plugin. -->","yoast_head_json":{"title":"Gel acr\u00edlico impermeabilizante -","description":"Es un producto , formulado con resinas acr\u00edlicas en emulsi\u00f3n, que forma pel\u00edcula impermeable, transparente incolora y de alta elasticidad.","robots":{"index":"index","follow":"follow","max-snippet":"max-snippet:-1","max-image-preview":"max-image-preview:large","max-video-preview":"max-video-preview:-1"},"canonical":"https:\/\/emiway.com.ar\/wp2\/producto\/gel-acrilico-impermeabilizante\/","og_locale":"es_ES","og_type":"article","og_title":"Gel acr\u00edlico impermeabilizante -","og_description":"Es un producto , formulado con resinas acr\u00edlicas en emulsi\u00f3n, que forma pel\u00edcula impermeable, transparente incolora y de alta elasticidad.","og_url":"https:\/\/emiway.com.ar\/wp2\/producto\/gel-acrilico-impermeabilizante\/","article_modified_time":"2025-09-16T15:19:41+00:00","og_image":[{"width":1000,"height":750,"url":"https:\/\/emiway.com.ar\/wp2\/wp-content\/uploads\/2023\/03\/gel.jpg","type":"image\/jpeg"}],"twitter_card":"summary_large_image","twitter_misc":{"Tiempo de lectura":"1 minuto"},"schema":{"@context":"https:\/\/schema.org","@graph":[{"@type":"WebPage","@id":"https:\/\/emiway.com.ar\/wp2\/producto\/gel-acrilico-impermeabilizante\/","url":"https:\/\/emiway.com.ar\/wp2\/producto\/gel-acrilico-impermeabilizante\/","name":"Gel acr\u00edlico impermeabilizante -","isPartOf":{"@id":"https:\/\/emiway.com.ar\/wp2\/#website"},"primaryImageOfPage":{"@id":"https:\/\/emiway.com.ar\/wp2\/producto\/gel-acrilico-impermeabilizante\/#primaryimage"},"image":{"@id":"https:\/\/emiway.com.ar\/wp2\/producto\/gel-acrilico-impermeabilizante\/#primaryimage"},"thumbnailUrl":"https:\/\/emiway.com.ar\/wp2\/wp-content\/uploads\/2023\/03\/gel.jpg","datePublished":"2023-03-08T23:49:01+00:00","dateModified":"2025-09-16T15:19:41+00:00","description":"Es un producto , formulado con resinas acr\u00edlicas en emulsi\u00f3n, que forma pel\u00edcula impermeable, transparente incolora y de alta elasticidad.","breadcrumb":{"@id":"https:\/\/emiway.com.ar\/wp2\/producto\/gel-acrilico-impermeabilizante\/#breadcrumb"},"inLanguage":"es","potentialAction":[{"@type":"ReadAction","target":["https:\/\/emiway.com.ar\/wp2\/producto\/gel-acrilico-impermeabilizante\/"]}]},{"@type":"ImageObject","inLanguage":"es","@id":"https:\/\/emiway.com.ar\/wp2\/producto\/gel-acrilico-impermeabilizante\/#primaryimage","url":"https:\/\/emiway.com.ar\/wp2\/wp-content\/uploads\/2023\/03\/gel.jpg","contentUrl":"https:\/\/emiway.com.ar\/wp2\/wp-content\/uploads\/2023\/03\/gel.jpg","width":1000,"height":750,"caption":"gel acr\u00edlico"},{"@type":"BreadcrumbList","@id":"https:\/\/emiway.com.ar\/wp2\/producto\/gel-acrilico-impermeabilizante\/#breadcrumb","itemListElement":[{"@type":"ListItem","position":1,"name":"Portada","item":"https:\/\/emiway.com.ar\/wp2\/"},{"@type":"ListItem","position":2,"name":"Tienda","item":"https:\/\/emiway.com.ar\/wp2\/tienda\/"},{"@type":"ListItem","position":3,"name":"Gel acr\u00edlico impermeabilizante"}]},{"@type":"WebSite","@id":"https:\/\/emiway.com.ar\/wp2\/#website","url":"https:\/\/emiway.com.ar\/wp2\/","name":"","description":"","potentialAction":[{"@type":"SearchAction","target":{"@type":"EntryPoint","urlTemplate":"https:\/\/emiway.com.ar\/wp2\/?s={search_term_string}"},"query-input":{"@type":"PropertyValueSpecification","valueRequired":true,"valueName":"search_term_string"}}],"inLanguage":"es"}]}},"_links":{"self":[{"href":"https:\/\/emiway.com.ar\/wp2\/wp-json\/wp\/v2\/product\/159","targetHints":{"allow":["GET"]}}],"collection":[{"href":"https:\/\/emiway.com.ar\/wp2\/wp-json\/wp\/v2\/product"}],"about":[{"href":"https:\/\/emiway.com.ar\/wp2\/wp-json\/wp\/v2\/types\/product"}],"replies":[{"embeddable":true,"href":"https:\/\/emiway.com.ar\/wp2\/wp-json\/wp\/v2\/comments?post=159"}],"wp:featuredmedia":[{"embeddable":true,"href":"https:\/\/emiway.com.ar\/wp2\/wp-json\/wp\/v2\/media\/160"}],"wp:attachment":[{"href":"https:\/\/emiway.com.ar\/wp2\/wp-json\/wp\/v2\/media?parent=159"}],"wp:term":[{"taxonomy":"product_brand","embeddable":true,"href":"https:\/\/emiway.com.ar\/wp2\/wp-json\/wp\/v2\/product_brand?post=159"},{"taxonomy":"product_cat","embeddable":true,"href":"https:\/\/emiway.com.ar\/wp2\/wp-json\/wp\/v2\/product_cat?post=159"},{"taxonomy":"product_tag","embeddable":true,"href":"https:\/\/emiway.com.ar\/wp2\/wp-json\/wp\/v2\/product_tag?post=159"}],"curies":[{"name":"wp","href":"https:\/\/api.w.org\/{rel}","templated":true}]}}